{"id":296,"date":"2017-02-27T08:52:36","date_gmt":"2017-02-27T08:52:36","guid":{"rendered":"http:\/\/demo.acmethemes.com\/education-base-pro\/?page_id=288"},"modified":"2017-11-15T06:39:24","modified_gmt":"2017-11-15T06:39:24","slug":"student-in-library","status":"publish","type":"page","link":"https:\/\/www.sertasdemir.com\/?page_id=296","title":{"rendered":"TORBA \u00c7\u0130MENTO"},"content":{"rendered":"<p>\u00c7imento kelimesi, yontulmu\u015f ta\u015f k\u0131r\u0131nt\u0131s\u0131 anlam\u0131ndaki Latince \u2018caementum\u2019 kelimesinden t\u00fcremi\u015ftir. Daha sonra bu kelime ba\u011flay\u0131c\u0131 anlam\u0131nda kullan\u0131lmaya ba\u015flanm\u0131\u015ft\u0131r.<\/p>\n<p>Hidrolik ba\u011flay\u0131c\u0131 maddeler, su ile reaksiyonu sonucu sert bir k\u00fctle olu\u015fturduktan sonra su i\u00e7erisinde da\u011f\u0131lmayan, sertli\u011fini ve mukavemetini muhafaza eden veya artt\u0131ran ba\u011flay\u0131c\u0131 maddelerdir.<\/p>\n","protected":false},"excerpt":{"rendered":"<p>\u00c7imento kelimesi, yontulmu\u015f ta\u015f k\u0131r\u0131nt\u0131s\u0131 anlam\u0131ndaki Latince \u2018caementum\u2019 kelimesinden t\u00fcremi\u015ftir. Daha sonra bu kelime ba\u011flay\u0131c\u0131 anlam\u0131nda kullan\u0131lmaya ba\u015flanm\u0131\u015ft\u0131r. Hidrolik ba\u011flay\u0131c\u0131 maddeler, su ile reaksiyonu sonucu sert bir k\u00fctle olu\u015fturduktan sonra su i\u00e7erisinde da\u011f\u0131lmayan, sertli\u011fini ve mukavemetini muhafaza eden veya artt\u0131ran ba\u011flay\u0131c\u0131 maddelerdir.<\/p>\n","protected":false},"author":1,"featured_media":678,"parent":0,"menu_order":0,"comment_status":"closed","ping_status":"closed","template":"","meta":[],"_links":{"self":[{"href":"https:\/\/www.sertasdemir.com\/index.php?rest_route=\/wp\/v2\/pages\/296"}],"collection":[{"href":"https:\/\/www.sertasdemir.com\/index.php?rest_route=\/wp\/v2\/pages"}],"about":[{"href":"https:\/\/www.sertasdemir.com\/index.php?rest_route=\/wp\/v2\/types\/page"}],"author":[{"embeddable":true,"href":"https:\/\/www.sertasdemir.com\/index.php?rest_route=\/wp\/v2\/users\/1"}],"replies":[{"embeddable":true,"href":"https:\/\/www.sertasdemir.com\/index.php?rest_route=%2Fwp%2Fv2%2Fcomments&post=296"}],"version-history":[{"count":2,"href":"https:\/\/www.sertasdemir.com\/index.php?rest_route=\/wp\/v2\/pages\/296\/revisions"}],"predecessor-version":[{"id":609,"href":"https:\/\/www.sertasdemir.com\/index.php?rest_route=\/wp\/v2\/pages\/296\/revisions\/609"}],"wp:featuredmedia":[{"embeddable":true,"href":"https:\/\/www.sertasdemir.com\/index.php?rest_route=\/wp\/v2\/media\/678"}],"wp:attachment":[{"href":"https:\/\/www.sertasdemir.com\/index.php?rest_route=%2Fwp%2Fv2%2Fmedia&parent=296"}],"curies":[{"name":"wp","href":"https:\/\/api.w.org\/{rel}","templated":true}]}}