{"id":299,"date":"2017-02-27T09:01:00","date_gmt":"2017-02-27T09:01:00","guid":{"rendered":"http:\/\/demo.acmethemes.com\/education-base-pro\/?page_id=297"},"modified":"2017-10-30T13:23:33","modified_gmt":"2017-10-30T13:23:33","slug":"learning-environment","status":"publish","type":"page","link":"https:\/\/www.sertasdemir.com\/?page_id=299","title":{"rendered":"\u00c7\u0130ROZ"},"content":{"rendered":"<p>\u0130n\u015faat \u00e7irozlar\u0131 kolonlar\u0131n kar\u015f\u0131l\u0131kl\u0131 demirleri veya demir donat\u0131y\u0131 birbirine ba\u011flay\u0131p ayn\u0131 uzakl\u0131kta tutan \u00e7iroz ve aradaki mesafeyi sabit tutmaya yarayan S harfi \u015feklindeki demir elemana verilen isimdir.<\/p>\n<p><strong>Nerelerde Kullan\u0131l\u0131r?<\/strong><\/p>\n<p>\u0130n\u015faat \u00e7irozlar\u0131 perde ve kolon kal\u0131plar\u0131n\u0131 ayn\u0131 mesafede tutmak i\u00e7in kullan\u0131lan yard\u0131mc\u0131 bir kal\u0131p kilidi eleman\u0131d\u0131r. Kal\u0131plar aras\u0131na ge\u00e7irilen in\u015faat demirinin iki ucuna tak\u0131larak kal\u0131b\u0131n a\u00e7\u0131lmas\u0131 engellenmi\u015f olur.<\/p>\n<p>Demiri tutan di\u015fli k\u0131s\u0131m sertle\u015fmi\u015f olup k\u0131sa zamanda a\u015f\u0131nmas\u0131 engellenmi\u015f. \u0130n\u015faat \u00e7irozlar\u0131 kal\u0131p kilidi g\u00f6revini sorunsuz bir \u015fekilde yerine getirmekte ve kal\u0131p kilidinde en iyi eleman\u0131n\u0131z olmaktad\u0131r.<\/p>\n<p>\u0130n\u015faat \u00e7irozlar\u0131 iste\u011fe g\u00f6re &#8221;Galvanizli&#8221; veya &#8221;Boyal\u0131&#8221; olarak imalat\u0131 yap\u0131lmaktad\u0131r.<\/p>\n<p><strong>\u00c7iroz&#8217;un faydalar\u0131<\/strong><\/p>\n<ul>\n<li>Beton d\u00f6k\u00fcm esnas\u0131nda veya sonras\u0131nda kolon demirlerini birbirine s\u0131k\u0131ca kenetler.<\/li>\n<li>Deprem esnas\u0131nda yanal kuvvetlere kar\u015f\u0131 koyar.<\/li>\n<li>Kolon demirlerini birbirine tutturarak pas pay\u0131 b\u00f6lgesinin sabit kalmas\u0131n\u0131 sa\u011flar..<\/li>\n<\/ul>\n","protected":false},"excerpt":{"rendered":"<p>\u0130n\u015faat \u00e7irozlar\u0131 kolonlar\u0131n kar\u015f\u0131l\u0131kl\u0131 demirleri veya demir donat\u0131y\u0131 birbirine ba\u011flay\u0131p ayn\u0131 uzakl\u0131kta tutan \u00e7iroz ve aradaki mesafeyi sabit tutmaya yarayan S harfi \u015feklindeki demir elemana verilen isimdir. Nerelerde Kullan\u0131l\u0131r? \u0130n\u015faat \u00e7irozlar\u0131 perde ve kolon kal\u0131plar\u0131n\u0131 ayn\u0131 mesafede tutmak i\u00e7in kullan\u0131lan yard\u0131mc\u0131 bir kal\u0131p kilidi eleman\u0131d\u0131r. Kal\u0131plar aras\u0131na ge\u00e7irilen in\u015faat demirinin iki ucuna tak\u0131larak kal\u0131b\u0131n a\u00e7\u0131lmas\u0131&hellip;<\/p>\n","protected":false},"author":1,"featured_media":568,"parent":0,"menu_order":0,"comment_status":"closed","ping_status":"closed","template":"","meta":[],"_links":{"self":[{"href":"https:\/\/www.sertasdemir.com\/index.php?rest_route=\/wp\/v2\/pages\/299"}],"collection":[{"href":"https:\/\/www.sertasdemir.com\/index.php?rest_route=\/wp\/v2\/pages"}],"about":[{"href":"https:\/\/www.sertasdemir.com\/index.php?rest_route=\/wp\/v2\/types\/page"}],"author":[{"embeddable":true,"href":"https:\/\/www.sertasdemir.com\/index.php?rest_route=\/wp\/v2\/users\/1"}],"replies":[{"embeddable":true,"href":"https:\/\/www.sertasdemir.com\/index.php?rest_route=%2Fwp%2Fv2%2Fcomments&post=299"}],"version-history":[{"count":2,"href":"https:\/\/www.sertasdemir.com\/index.php?rest_route=\/wp\/v2\/pages\/299\/revisions"}],"predecessor-version":[{"id":603,"href":"https:\/\/www.sertasdemir.com\/index.php?rest_route=\/wp\/v2\/pages\/299\/revisions\/603"}],"wp:featuredmedia":[{"embeddable":true,"href":"https:\/\/www.sertasdemir.com\/index.php?rest_route=\/wp\/v2\/media\/568"}],"wp:attachment":[{"href":"https:\/\/www.sertasdemir.com\/index.php?rest_route=%2Fwp%2Fv2%2Fmedia&parent=299"}],"curies":[{"name":"wp","href":"https:\/\/api.w.org\/{rel}","templated":true}]}}