{"id":301,"date":"2017-02-27T09:03:59","date_gmt":"2017-02-27T09:03:59","guid":{"rendered":"http:\/\/demo.acmethemes.com\/education-base-pro\/?page_id=301"},"modified":"2017-10-30T13:20:40","modified_gmt":"2017-10-30T13:20:40","slug":"best-learning-center","status":"publish","type":"page","link":"https:\/\/www.sertasdemir.com\/?page_id=301","title":{"rendered":"ETR\u0130YE"},"content":{"rendered":"<p>Etriye kolonu etkin bi\u00e7imde saran, kolonun deforme olmas\u0131n\u0131 \u00f6nlemek i\u00e7in kullan\u0131lan, donat\u0131dan yap\u0131lm\u0131\u015f elemand\u0131r.<\/p>\n<p>Peki bu etriyenin g\u00f6revi nedir ?<br \/>\nBoyuna donat\u0131n\u0131n kal\u0131p i\u00e7inde d\u00fczg\u00fcn ve dik durmas\u0131n\u0131 sa\u011flamak,<br \/>\n\u00c7atlaklar\u0131 ve burkulmay\u0131 \u00f6nlemek,<br \/>\nEn \u00f6nemlisi ise kesme kuvvetini kar\u015f\u0131lamakt\u0131r.<\/p>\n<p>Etriyeyi haz\u0131rlarken en \u00f6nemli \u015feylerden birisi de kanca yapmak ve bu kancay\u0131 135 derece b\u00fckmektir.<\/p>\n","protected":false},"excerpt":{"rendered":"<p>Etriye kolonu etkin bi\u00e7imde saran, kolonun deforme olmas\u0131n\u0131 \u00f6nlemek i\u00e7in kullan\u0131lan, donat\u0131dan yap\u0131lm\u0131\u015f elemand\u0131r. Peki bu etriyenin g\u00f6revi nedir ? Boyuna donat\u0131n\u0131n kal\u0131p i\u00e7inde d\u00fczg\u00fcn ve dik durmas\u0131n\u0131 sa\u011flamak, \u00c7atlaklar\u0131 ve burkulmay\u0131 \u00f6nlemek, En \u00f6nemlisi ise kesme kuvvetini kar\u015f\u0131lamakt\u0131r. Etriyeyi haz\u0131rlarken en \u00f6nemli \u015feylerden birisi de kanca yapmak ve bu kancay\u0131 135 derece b\u00fckmektir.<\/p>\n","protected":false},"author":1,"featured_media":569,"parent":0,"menu_order":0,"comment_status":"closed","ping_status":"closed","template":"","meta":[],"_links":{"self":[{"href":"https:\/\/www.sertasdemir.com\/index.php?rest_route=\/wp\/v2\/pages\/301"}],"collection":[{"href":"https:\/\/www.sertasdemir.com\/index.php?rest_route=\/wp\/v2\/pages"}],"about":[{"href":"https:\/\/www.sertasdemir.com\/index.php?rest_route=\/wp\/v2\/types\/page"}],"author":[{"embeddable":true,"href":"https:\/\/www.sertasdemir.com\/index.php?rest_route=\/wp\/v2\/users\/1"}],"replies":[{"embeddable":true,"href":"https:\/\/www.sertasdemir.com\/index.php?rest_route=%2Fwp%2Fv2%2Fcomments&post=301"}],"version-history":[{"count":2,"href":"https:\/\/www.sertasdemir.com\/index.php?rest_route=\/wp\/v2\/pages\/301\/revisions"}],"predecessor-version":[{"id":602,"href":"https:\/\/www.sertasdemir.com\/index.php?rest_route=\/wp\/v2\/pages\/301\/revisions\/602"}],"wp:featuredmedia":[{"embeddable":true,"href":"https:\/\/www.sertasdemir.com\/index.php?rest_route=\/wp\/v2\/media\/569"}],"wp:attachment":[{"href":"https:\/\/www.sertasdemir.com\/index.php?rest_route=%2Fwp%2Fv2%2Fmedia&parent=301"}],"curies":[{"name":"wp","href":"https:\/\/api.w.org\/{rel}","templated":true}]}}