{"id":303,"date":"2017-02-27T09:04:37","date_gmt":"2017-02-27T09:04:37","guid":{"rendered":"http:\/\/demo.acmethemes.com\/education-base-pro\/?page_id=303"},"modified":"2017-10-30T13:14:25","modified_gmt":"2017-10-30T13:14:25","slug":"friendly-environment","status":"publish","type":"page","link":"https:\/\/www.sertasdemir.com\/?page_id=303","title":{"rendered":"\u0130N\u015eAAT DEM\u0130R\u0130"},"content":{"rendered":"<p>0,8 mm&#8217;den 30mm&#8217;e KADAR \u0130N\u015eAAT DEM\u0130RLER\u0130 HER C\u0130NS VE \u00d6L\u00c7\u00dcYE G\u00d6RE KES\u0130LM\u0130\u015e B\u00dcK\u00dcLM\u00dc\u015e DEM\u0130R.<\/p>\n","protected":false},"excerpt":{"rendered":"<p>0,8 mm&#8217;den 30mm&#8217;e KADAR \u0130N\u015eAAT DEM\u0130RLER\u0130 HER C\u0130NS VE \u00d6L\u00c7\u00dcYE G\u00d6RE KES\u0130LM\u0130\u015e B\u00dcK\u00dcLM\u00dc\u015e DEM\u0130R.<\/p>\n","protected":false},"author":1,"featured_media":597,"parent":0,"menu_order":0,"comment_status":"closed","ping_status":"closed","template":"","meta":[],"_links":{"self":[{"href":"https:\/\/www.sertasdemir.com\/index.php?rest_route=\/wp\/v2\/pages\/303"}],"collection":[{"href":"https:\/\/www.sertasdemir.com\/index.php?rest_route=\/wp\/v2\/pages"}],"about":[{"href":"https:\/\/www.sertasdemir.com\/index.php?rest_route=\/wp\/v2\/types\/page"}],"author":[{"embeddable":true,"href":"https:\/\/www.sertasdemir.com\/index.php?rest_route=\/wp\/v2\/users\/1"}],"replies":[{"embeddable":true,"href":"https:\/\/www.sertasdemir.com\/index.php?rest_route=%2Fwp%2Fv2%2Fcomments&post=303"}],"version-history":[{"count":4,"href":"https:\/\/www.sertasdemir.com\/index.php?rest_route=\/wp\/v2\/pages\/303\/revisions"}],"predecessor-version":[{"id":599,"href":"https:\/\/www.sertasdemir.com\/index.php?rest_route=\/wp\/v2\/pages\/303\/revisions\/599"}],"wp:featuredmedia":[{"embeddable":true,"href":"https:\/\/www.sertasdemir.com\/index.php?rest_route=\/wp\/v2\/media\/597"}],"wp:attachment":[{"href":"https:\/\/www.sertasdemir.com\/index.php?rest_route=%2Fwp%2Fv2%2Fmedia&parent=303"}],"curies":[{"name":"wp","href":"https:\/\/api.w.org\/{rel}","templated":true}]}}