{"id":394,"date":"2017-03-06T05:57:20","date_gmt":"2017-03-06T05:57:20","guid":{"rendered":"http:\/\/demo.acmethemes.com\/education-base-pro\/?page_id=394"},"modified":"2017-10-30T07:35:45","modified_gmt":"2017-10-30T07:35:45","slug":"unlimited-books","status":"publish","type":"page","link":"https:\/\/www.sertasdemir.com\/?page_id=394","title":{"rendered":"Fiyat"},"content":{"rendered":"<p>\u0130htiyaca uygun \u00fcr\u00fcnleri kaliteden \u00f6d\u00fcn vermeden, en iyi fiyat politikas\u0131 ile m\u00fc\u015fterilerimize sunmaya \u00e7al\u0131\u015f\u0131yoruz. Rekabet\u00e7i Fiyatlar\u0131m\u0131z, Kalite, G\u00fcven ve %100 m\u00fc\u015fteri memnuniyet de\u011ferlerimiz \u00e7er\u00e7evesinde sizlere hizmet vermekten gurur duyuyoruz.<\/p>\n","protected":false},"excerpt":{"rendered":"<p>\u0130htiyaca uygun \u00fcr\u00fcnleri kaliteden \u00f6d\u00fcn vermeden, en iyi fiyat politikas\u0131 ile m\u00fc\u015fterilerimize sunmaya \u00e7al\u0131\u015f\u0131yoruz. Rekabet\u00e7i Fiyatlar\u0131m\u0131z, Kalite, G\u00fcven ve %100 m\u00fc\u015fteri memnuniyet de\u011ferlerimiz \u00e7er\u00e7evesinde sizlere hizmet vermekten gurur duyuyoruz.<\/p>\n","protected":false},"author":1,"featured_media":0,"parent":338,"menu_order":0,"comment_status":"closed","ping_status":"closed","template":"","meta":[],"_links":{"self":[{"href":"https:\/\/www.sertasdemir.com\/index.php?rest_route=\/wp\/v2\/pages\/394"}],"collection":[{"href":"https:\/\/www.sertasdemir.com\/index.php?rest_route=\/wp\/v2\/pages"}],"about":[{"href":"https:\/\/www.sertasdemir.com\/index.php?rest_route=\/wp\/v2\/types\/page"}],"author":[{"embeddable":true,"href":"https:\/\/www.sertasdemir.com\/index.php?rest_route=\/wp\/v2\/users\/1"}],"replies":[{"embeddable":true,"href":"https:\/\/www.sertasdemir.com\/index.php?rest_route=%2Fwp%2Fv2%2Fcomments&post=394"}],"version-history":[{"count":2,"href":"https:\/\/www.sertasdemir.com\/index.php?rest_route=\/wp\/v2\/pages\/394\/revisions"}],"predecessor-version":[{"id":456,"href":"https:\/\/www.sertasdemir.com\/index.php?rest_route=\/wp\/v2\/pages\/394\/revisions\/456"}],"up":[{"embeddable":true,"href":"https:\/\/www.sertasdemir.com\/index.php?rest_route=\/wp\/v2\/pages\/338"}],"wp:attachment":[{"href":"https:\/\/www.sertasdemir.com\/index.php?rest_route=%2Fwp%2Fv2%2Fmedia&parent=394"}],"curies":[{"name":"wp","href":"https:\/\/api.w.org\/{rel}","templated":true}]}}