{"id":396,"date":"2017-03-06T06:00:44","date_gmt":"2017-03-06T06:00:44","guid":{"rendered":"http:\/\/demo.acmethemes.com\/education-base-pro\/?page_id=396"},"modified":"2017-10-30T07:15:54","modified_gmt":"2017-10-30T07:15:54","slug":"quality-library","status":"publish","type":"page","link":"https:\/\/www.sertasdemir.com\/?page_id=396","title":{"rendered":"G\u00fcven"},"content":{"rendered":"<p>Serta\u015f A.\u015e ticari bilgisi, donan\u0131m\u0131 ve kurumsal de\u011ferlere olan ba\u011fl\u0131l\u0131\u011f\u0131yla t\u00fcm ilgili gruplar aras\u0131nda g\u00fcvene dayal\u0131 ili\u015fkiler kurar. Ticaretin de\u011ferlerine uygun olarak verdi\u011fi s\u00f6z\u00fc zaman\u0131nda ve eksiksiz olarak yerine getirir. M\u00fc\u015fterilerin sorunlar\u0131n\u0131 sahiplenir, \u00e7\u00f6z\u00fcme ula\u015ft\u0131r\u0131r ve sonu\u00e7lar\u0131n\u0131 takip eder.<\/p>\n","protected":false},"excerpt":{"rendered":"<p>Serta\u015f A.\u015e ticari bilgisi, donan\u0131m\u0131 ve kurumsal de\u011ferlere olan ba\u011fl\u0131l\u0131\u011f\u0131yla t\u00fcm ilgili gruplar aras\u0131nda g\u00fcvene dayal\u0131 ili\u015fkiler kurar. Ticaretin de\u011ferlerine uygun olarak verdi\u011fi s\u00f6z\u00fc zaman\u0131nda ve eksiksiz olarak yerine getirir. M\u00fc\u015fterilerin sorunlar\u0131n\u0131 sahiplenir, \u00e7\u00f6z\u00fcme ula\u015ft\u0131r\u0131r ve sonu\u00e7lar\u0131n\u0131 takip eder.<\/p>\n","protected":false},"author":1,"featured_media":0,"parent":338,"menu_order":0,"comment_status":"closed","ping_status":"closed","template":"","meta":[],"_links":{"self":[{"href":"https:\/\/www.sertasdemir.com\/index.php?rest_route=\/wp\/v2\/pages\/396"}],"collection":[{"href":"https:\/\/www.sertasdemir.com\/index.php?rest_route=\/wp\/v2\/pages"}],"about":[{"href":"https:\/\/www.sertasdemir.com\/index.php?rest_route=\/wp\/v2\/types\/page"}],"author":[{"embeddable":true,"href":"https:\/\/www.sertasdemir.com\/index.php?rest_route=\/wp\/v2\/users\/1"}],"replies":[{"embeddable":true,"href":"https:\/\/www.sertasdemir.com\/index.php?rest_route=%2Fwp%2Fv2%2Fcomments&post=396"}],"version-history":[{"count":3,"href":"https:\/\/www.sertasdemir.com\/index.php?rest_route=\/wp\/v2\/pages\/396\/revisions"}],"predecessor-version":[{"id":455,"href":"https:\/\/www.sertasdemir.com\/index.php?rest_route=\/wp\/v2\/pages\/396\/revisions\/455"}],"up":[{"embeddable":true,"href":"https:\/\/www.sertasdemir.com\/index.php?rest_route=\/wp\/v2\/pages\/338"}],"wp:attachment":[{"href":"https:\/\/www.sertasdemir.com\/index.php?rest_route=%2Fwp%2Fv2%2Fmedia&parent=396"}],"curies":[{"name":"wp","href":"https:\/\/api.w.org\/{rel}","templated":true}]}}