{"id":397,"date":"2017-03-06T06:14:23","date_gmt":"2017-03-06T06:14:23","guid":{"rendered":"http:\/\/demo.acmethemes.com\/education-base-pro\/?page_id=397"},"modified":"2017-10-30T07:16:32","modified_gmt":"2017-10-30T07:16:32","slug":"job-placement","status":"publish","type":"page","link":"https:\/\/www.sertasdemir.com\/?page_id=397","title":{"rendered":"Kalite"},"content":{"rendered":"<p>Ulusal kalite standartlar\u0131n\u0131 esas alarak; bu do\u011frultudaki y\u00f6netsel destekle, m\u00fc\u015fteri ve \u00e7al\u0131\u015fan memnuniyeti odakl\u0131, \u00f6l\u00e7me ve iyile\u015ftirme mekanizmalar\u0131n\u0131 kullanarak s\u00fcrekli e\u011fitimle geli\u015fmeyi destekleyen y\u00fcksek kaliteli hizmet sunmak ve \u00e7al\u0131\u015fanlar taraf\u0131ndan benimsenmesini sa\u011flamak.<!--more--><\/p>\n<p>&#8211; Kalitesinden hi\u00e7 bir zaman taviz vermeden, s\u00fcratli ve an\u0131nda m\u00fc\u015fterilerin sekt\u00f6rdeki ihtiya\u00e7lar\u0131n\u0131 kar\u015f\u0131lamaktad\u0131r.<br \/>\n&#8211; \u0130nsan g\u00fcc\u00fc, teknolojiyi, makine ve ekipmanlar\u0131 ile mali kaynaklar\u0131n\u0131 kendi \u00f6z varl\u0131\u011f\u0131 kabul eder.<br \/>\n&#8211; Kalite kontrol birimi \u00fcretimin her a\u015famas\u0131nda par\u00e7alar\u0131 kontrol ederek bu riski minimuma indirir.<br \/>\n&#8211; Esas olan m\u00fc\u015fteri memnuniyetidir. Bu hedefe ula\u015fmak i\u00e7in b\u00fct\u00fcn \u00fcr\u00fcnlerimizde ve hizmetlerimizde kalite \u00f6n plandad\u0131r. Bu hizmetleri ger\u00e7ekle\u015ftirirken her zaman \u00e7evreye ve insana duyarl\u0131d\u0131r.<br \/>\n&#8211; Geni\u015f m\u00fc\u015fteri portf\u00f6y\u00fcm\u00fcz ve referanslar\u0131m\u0131z bunu g\u00f6stermektedir.<\/p>\n","protected":false},"excerpt":{"rendered":"<p>Ulusal kalite standartlar\u0131n\u0131 esas alarak; bu do\u011frultudaki y\u00f6netsel destekle, m\u00fc\u015fteri ve \u00e7al\u0131\u015fan memnuniyeti odakl\u0131, \u00f6l\u00e7me ve iyile\u015ftirme mekanizmalar\u0131n\u0131 kullanarak s\u00fcrekli e\u011fitimle geli\u015fmeyi destekleyen y\u00fcksek kaliteli hizmet sunmak ve \u00e7al\u0131\u015fanlar taraf\u0131ndan benimsenmesini sa\u011flamak.<\/p>\n","protected":false},"author":1,"featured_media":0,"parent":338,"menu_order":0,"comment_status":"closed","ping_status":"closed","template":"","meta":[],"_links":{"self":[{"href":"https:\/\/www.sertasdemir.com\/index.php?rest_route=\/wp\/v2\/pages\/397"}],"collection":[{"href":"https:\/\/www.sertasdemir.com\/index.php?rest_route=\/wp\/v2\/pages"}],"about":[{"href":"https:\/\/www.sertasdemir.com\/index.php?rest_route=\/wp\/v2\/types\/page"}],"author":[{"embeddable":true,"href":"https:\/\/www.sertasdemir.com\/index.php?rest_route=\/wp\/v2\/users\/1"}],"replies":[{"embeddable":true,"href":"https:\/\/www.sertasdemir.com\/index.php?rest_route=%2Fwp%2Fv2%2Fcomments&post=397"}],"version-history":[{"count":4,"href":"https:\/\/www.sertasdemir.com\/index.php?rest_route=\/wp\/v2\/pages\/397\/revisions"}],"predecessor-version":[{"id":442,"href":"https:\/\/www.sertasdemir.com\/index.php?rest_route=\/wp\/v2\/pages\/397\/revisions\/442"}],"up":[{"embeddable":true,"href":"https:\/\/www.sertasdemir.com\/index.php?rest_route=\/wp\/v2\/pages\/338"}],"wp:attachment":[{"href":"https:\/\/www.sertasdemir.com\/index.php?rest_route=%2Fwp%2Fv2%2Fmedia&parent=397"}],"curies":[{"name":"wp","href":"https:\/\/api.w.org\/{rel}","templated":true}]}}