{"id":465,"date":"2017-10-30T08:31:53","date_gmt":"2017-10-30T08:31:53","guid":{"rendered":"http:\/\/www.sertasdemir.com\/?page_id=465"},"modified":"2017-10-31T08:11:18","modified_gmt":"2017-10-31T08:11:18","slug":"e-ticaret","status":"publish","type":"page","link":"https:\/\/www.sertasdemir.com\/?page_id=465","title":{"rendered":"E-T\u0130CARET"},"content":{"rendered":"<p>Serta\u015f A.\u015e geli\u015fen teknoloji ile h\u0131zl\u0131 bir \u015fekilde ilerleyen e-ticaret sekt\u00f6r\u00fcne ad\u0131m\u0131n\u0131 at\u0131yor, geleneksel ticaret anlay\u0131\u015f\u0131n\u0131 teknoloji ile birle\u015ftirip m\u00fc\u015fteri memnuniyeti ad\u0131na kendini geli\u015ftirmeye devam ediyor. Devam\u0131&#8230;<!--more--><\/p>\n<p>\u015eekillenen ihtiya\u00e7lara g\u00f6re kendine yeni strateji ve y\u00f6ntemler belirleyen Serta\u015f A.\u015e e-ticarete 2017 y\u0131l\u0131nda yeni trendler ile kullan\u0131c\u0131lar\u0131n beklentilerini kar\u015f\u0131la\u015ft\u0131rmaya \u00e7al\u0131\u015f\u0131yor. Yeni teknoloji ara\u00e7lar\u0131n\u0131n kullan\u0131lmas\u0131yla birlikte daha etkili bir kullan\u0131m sunan e-ticarette oturdu\u011funuz yerden \u00f6demelerinizi ger\u00e7ekle\u015ftirebilirsiniz. (Kredi kart\u0131 bilgileriniz 256bit SSL sertifikas\u0131 ile %100 korunmaktad\u0131r.)<\/p>\n","protected":false},"excerpt":{"rendered":"<p>Serta\u015f A.\u015e geli\u015fen teknoloji ile h\u0131zl\u0131 bir \u015fekilde ilerleyen e-ticaret sekt\u00f6r\u00fcne ad\u0131m\u0131n\u0131 at\u0131yor, geleneksel ticaret anlay\u0131\u015f\u0131n\u0131 teknoloji ile birle\u015ftirip m\u00fc\u015fteri memnuniyeti ad\u0131na kendini geli\u015ftirmeye devam ediyor. Devam\u0131&#8230;<\/p>\n","protected":false},"author":1,"featured_media":0,"parent":0,"menu_order":0,"comment_status":"closed","ping_status":"closed","template":"","meta":[],"_links":{"self":[{"href":"https:\/\/www.sertasdemir.com\/index.php?rest_route=\/wp\/v2\/pages\/465"}],"collection":[{"href":"https:\/\/www.sertasdemir.com\/index.php?rest_route=\/wp\/v2\/pages"}],"about":[{"href":"https:\/\/www.sertasdemir.com\/index.php?rest_route=\/wp\/v2\/types\/page"}],"author":[{"embeddable":true,"href":"https:\/\/www.sertasdemir.com\/index.php?rest_route=\/wp\/v2\/users\/1"}],"replies":[{"embeddable":true,"href":"https:\/\/www.sertasdemir.com\/index.php?rest_route=%2Fwp%2Fv2%2Fcomments&post=465"}],"version-history":[{"count":4,"href":"https:\/\/www.sertasdemir.com\/index.php?rest_route=\/wp\/v2\/pages\/465\/revisions"}],"predecessor-version":[{"id":648,"href":"https:\/\/www.sertasdemir.com\/index.php?rest_route=\/wp\/v2\/pages\/465\/revisions\/648"}],"wp:attachment":[{"href":"https:\/\/www.sertasdemir.com\/index.php?rest_route=%2Fwp%2Fv2%2Fmedia&parent=465"}],"curies":[{"name":"wp","href":"https:\/\/api.w.org\/{rel}","templated":true}]}}