{"id":486,"date":"2017-10-30T09:18:06","date_gmt":"2017-10-30T09:18:06","guid":{"rendered":"http:\/\/www.sertasdemir.com\/?page_id=486"},"modified":"2017-10-31T07:59:35","modified_gmt":"2017-10-31T07:59:35","slug":"sertas-insaat","status":"publish","type":"page","link":"https:\/\/www.sertasdemir.com\/?page_id=486","title":{"rendered":"SERTA\u015e \u0130N\u015eAAT"},"content":{"rendered":"<p>B\u00fcy\u00fcyen SERTA\u015e in\u015faat sekt\u00f6r\u00fcnde dev projelere imza at\u0131yor, tamamlanan ve devam eden projelerimiz ile giri\u015fimcilere bir g\u00fcven kap\u0131s\u0131 oluyoruz. Projelerimiz ve detayl\u0131 bilgi i\u00e7in <a href=\"http:\/\/sertasinsaat.com\/\" target=\"_blank\" rel=\"noopener\">Devam\u0131&#8230;<\/a><\/p>\n","protected":false},"excerpt":{"rendered":"<p>B\u00fcy\u00fcyen SERTA\u015e in\u015faat sekt\u00f6r\u00fcnde dev projelere imza at\u0131yor, tamamlanan ve devam eden projelerimiz ile giri\u015fimcilere bir g\u00fcven kap\u0131s\u0131 oluyoruz. Projelerimiz ve detayl\u0131 bilgi i\u00e7in Devam\u0131&#8230;<\/p>\n","protected":false},"author":1,"featured_media":0,"parent":0,"menu_order":0,"comment_status":"closed","ping_status":"closed","template":"","meta":[],"_links":{"self":[{"href":"https:\/\/www.sertasdemir.com\/index.php?rest_route=\/wp\/v2\/pages\/486"}],"collection":[{"href":"https:\/\/www.sertasdemir.com\/index.php?rest_route=\/wp\/v2\/pages"}],"about":[{"href":"https:\/\/www.sertasdemir.com\/index.php?rest_route=\/wp\/v2\/types\/page"}],"author":[{"embeddable":true,"href":"https:\/\/www.sertasdemir.com\/index.php?rest_route=\/wp\/v2\/users\/1"}],"replies":[{"embeddable":true,"href":"https:\/\/www.sertasdemir.com\/index.php?rest_route=%2Fwp%2Fv2%2Fcomments&post=486"}],"version-history":[{"count":2,"href":"https:\/\/www.sertasdemir.com\/index.php?rest_route=\/wp\/v2\/pages\/486\/revisions"}],"predecessor-version":[{"id":647,"href":"https:\/\/www.sertasdemir.com\/index.php?rest_route=\/wp\/v2\/pages\/486\/revisions\/647"}],"wp:attachment":[{"href":"https:\/\/www.sertasdemir.com\/index.php?rest_route=%2Fwp%2Fv2%2Fmedia&parent=486"}],"curies":[{"name":"wp","href":"https:\/\/api.w.org\/{rel}","templated":true}]}}