{"id":504,"date":"2017-10-30T10:08:06","date_gmt":"2017-10-30T10:08:06","guid":{"rendered":"http:\/\/www.sertasdemir.com\/?page_id=504"},"modified":"2017-10-30T11:03:09","modified_gmt":"2017-10-30T11:03:09","slug":"adana-cimento","status":"publish","type":"page","link":"https:\/\/www.sertasdemir.com\/?page_id=504","title":{"rendered":"ADANA \u00c7\u0130MENTO"},"content":{"rendered":"<div class=\"row\">\n<div class=\"col-md-12 col-sm-12 \">\n<p class=\"summary\">1950&#8217;li y\u0131llarda geli\u015fmekte ve kalk\u0131nmakta olan T\u00fcrkiye&#8217;de b\u00fcy\u00fck \u00e7apl\u0131 imar \u00e7al\u0131\u015fmalar\u0131 ba\u015flad\u0131. Bu \u00e7al\u0131\u015fmalarda kullan\u0131lacak \u00e7imentoyu kar\u015f\u0131lamak \u00fczere Devam\u0131 i\u00e7in <!--more--><\/p>\n<p>yap\u0131lan bir dizi ara\u015ft\u0131rma sonucu, \u00c7ukurova&#8217;n\u0131n geli\u015fim ve t\u00fcketim potansiyeli de g\u00f6z \u00f6n\u00fcne al\u0131narak, Adana&#8217;da 150.000 ton\/y\u0131l kapasiteli bir \u00e7imento fabrikas\u0131n\u0131n kurulmas\u0131 karar\u0131 al\u0131nd\u0131.<\/p>\n<\/div>\n<\/div>\n","protected":false},"excerpt":{"rendered":"<p>1950&#8217;li y\u0131llarda geli\u015fmekte ve kalk\u0131nmakta olan T\u00fcrkiye&#8217;de b\u00fcy\u00fck \u00e7apl\u0131 imar \u00e7al\u0131\u015fmalar\u0131 ba\u015flad\u0131. Bu \u00e7al\u0131\u015fmalarda kullan\u0131lacak \u00e7imentoyu kar\u015f\u0131lamak \u00fczere Devam\u0131 i\u00e7in<\/p>\n","protected":false},"author":1,"featured_media":507,"parent":0,"menu_order":0,"comment_status":"closed","ping_status":"closed","template":"","meta":[],"_links":{"self":[{"href":"https:\/\/www.sertasdemir.com\/index.php?rest_route=\/wp\/v2\/pages\/504"}],"collection":[{"href":"https:\/\/www.sertasdemir.com\/index.php?rest_route=\/wp\/v2\/pages"}],"about":[{"href":"https:\/\/www.sertasdemir.com\/index.php?rest_route=\/wp\/v2\/types\/page"}],"author":[{"embeddable":true,"href":"https:\/\/www.sertasdemir.com\/index.php?rest_route=\/wp\/v2\/users\/1"}],"replies":[{"embeddable":true,"href":"https:\/\/www.sertasdemir.com\/index.php?rest_route=%2Fwp%2Fv2%2Fcomments&post=504"}],"version-history":[{"count":4,"href":"https:\/\/www.sertasdemir.com\/index.php?rest_route=\/wp\/v2\/pages\/504\/revisions"}],"predecessor-version":[{"id":531,"href":"https:\/\/www.sertasdemir.com\/index.php?rest_route=\/wp\/v2\/pages\/504\/revisions\/531"}],"wp:featuredmedia":[{"embeddable":true,"href":"https:\/\/www.sertasdemir.com\/index.php?rest_route=\/wp\/v2\/media\/507"}],"wp:attachment":[{"href":"https:\/\/www.sertasdemir.com\/index.php?rest_route=%2Fwp%2Fv2%2Fmedia&parent=504"}],"curies":[{"name":"wp","href":"https:\/\/api.w.org\/{rel}","templated":true}]}}