{"id":509,"date":"2017-10-30T10:27:36","date_gmt":"2017-10-30T10:27:36","guid":{"rendered":"http:\/\/www.sertasdemir.com\/?page_id=509"},"modified":"2017-10-30T11:08:37","modified_gmt":"2017-10-30T11:08:37","slug":"ytong","status":"publish","type":"page","link":"https:\/\/www.sertasdemir.com\/?page_id=509","title":{"rendered":"YTONG"},"content":{"rendered":"<p>Yap\u0131 malzemesi sekt\u00f6r\u00fcn\u00fcn lider markas\u0131 T\u00fcrk Ytong, \u0130stanbul, Tekirda\u011f, Antalya ve Bilecik\u2019te bulunan fabrikalar\u0131 ve Gaziantep\u2019dekii\u015ftiraki ile y\u0131lda 2 milyon m\u00b3 Devam\u0131 i\u00e7in<!--more--><\/p>\n<p> \u00fcretim kapasitesine sahiptir. Ula\u015f\u0131lan bu \u00fcretim hacmiyle, T\u00fcrk Ytong d\u00fcnyan\u0131n say\u0131l\u0131 \u00fcreticileri aras\u0131nda yer almaktad\u0131r.<\/p>\n<p>Ytong T\u00fcrkiye\u2019deki bu ba\u015far\u0131s\u0131n\u0131; m\u00fc\u015fterileri taraf\u0131ndan takdir edilen \u00fcst\u00fcn \u00fcr\u00fcn kalitesine, s\u00fcrd\u00fcr\u00fclebilir ve yenilik\u00e7i \u00fcr\u00fcnlerine, hizmet anlay\u0131\u015f\u0131na, \u00e7al\u0131\u015fanlar\u0131n\u0131n profesyonel katk\u0131s\u0131na, kendisine g\u00fcvenen m\u00fc\u015fterilerine ve elbetteki T\u00fcrkiye\u2019nin d\u00f6rt bir yan\u0131nda hizmet veren Yetkili Sat\u0131c\u0131lar\u0131n\u0131n deste\u011fine bor\u00e7ludur.<\/p>\n<p>Hafiflik, deprem dayan\u0131m\u0131, yang\u0131n g\u00fcvenli\u011fi, \u00fcst\u00fcn \u0131s\u0131 yal\u0131t\u0131m\u0131, kolay i\u015flenebilirlik ve \u00e7evre dostu olma \u00f6zellikleri ta\u015f\u0131yan \u00fcr\u00fcnleriyle Ytong, g\u00fcvenli ve modern yap\u0131la\u015fmaya y\u00f6n vermektedir.<\/p>\n<p>Ytong teknolojisi Almanya\u2019da bulunan Ar-Ge laboratuvalar\u0131nda s\u00fcrekli geli\u015ftirilmekte, t\u00fcm d\u00fcnyada oldu\u011fu gibi \u00fclkemizde de bu geli\u015fmeler yak\u0131ndan takip edilerek uygulanmaktad\u0131r.<\/p>\n","protected":false},"excerpt":{"rendered":"<p>Yap\u0131 malzemesi sekt\u00f6r\u00fcn\u00fcn lider markas\u0131 T\u00fcrk Ytong, \u0130stanbul, Tekirda\u011f, Antalya ve Bilecik\u2019te bulunan fabrikalar\u0131 ve Gaziantep\u2019dekii\u015ftiraki ile y\u0131lda 2 milyon m\u00b3 Devam\u0131 i\u00e7in<\/p>\n","protected":false},"author":1,"featured_media":501,"parent":0,"menu_order":0,"comment_status":"closed","ping_status":"closed","template":"","meta":[],"_links":{"self":[{"href":"https:\/\/www.sertasdemir.com\/index.php?rest_route=\/wp\/v2\/pages\/509"}],"collection":[{"href":"https:\/\/www.sertasdemir.com\/index.php?rest_route=\/wp\/v2\/pages"}],"about":[{"href":"https:\/\/www.sertasdemir.com\/index.php?rest_route=\/wp\/v2\/types\/page"}],"author":[{"embeddable":true,"href":"https:\/\/www.sertasdemir.com\/index.php?rest_route=\/wp\/v2\/users\/1"}],"replies":[{"embeddable":true,"href":"https:\/\/www.sertasdemir.com\/index.php?rest_route=%2Fwp%2Fv2%2Fcomments&post=509"}],"version-history":[{"count":6,"href":"https:\/\/www.sertasdemir.com\/index.php?rest_route=\/wp\/v2\/pages\/509\/revisions"}],"predecessor-version":[{"id":536,"href":"https:\/\/www.sertasdemir.com\/index.php?rest_route=\/wp\/v2\/pages\/509\/revisions\/536"}],"wp:featuredmedia":[{"embeddable":true,"href":"https:\/\/www.sertasdemir.com\/index.php?rest_route=\/wp\/v2\/media\/501"}],"wp:attachment":[{"href":"https:\/\/www.sertasdemir.com\/index.php?rest_route=%2Fwp%2Fv2%2Fmedia&parent=509"}],"curies":[{"name":"wp","href":"https:\/\/api.w.org\/{rel}","templated":true}]}}