{"id":515,"date":"2017-10-30T10:37:39","date_gmt":"2017-10-30T10:37:39","guid":{"rendered":"http:\/\/www.sertasdemir.com\/?page_id=515"},"modified":"2017-10-31T07:56:15","modified_gmt":"2017-10-31T07:56:15","slug":"alcibay","status":"publish","type":"page","link":"https:\/\/www.sertasdemir.com\/?page_id=515","title":{"rendered":"AL\u00c7IBAY"},"content":{"rendered":"<p>AL\u00c7IBAY markas\u0131 ile yap\u0131 al\u00e7\u0131lar\u0131, \u00fcreten \u201cG\u0130PS GEL\u0130\u015eT\u0130R\u0130LM\u0130\u015e \u0130N\u015eAAT MALZEMELER\u0130 VE PERL\u0130TL\u0130 SIVA SANAY\u0130 A.\u015e.\u201d 1992 y\u0131l\u0131nda kurulmu\u015ftur.<\/p>\n","protected":false},"excerpt":{"rendered":"<p>AL\u00c7IBAY markas\u0131 ile yap\u0131 al\u00e7\u0131lar\u0131, \u00fcreten \u201cG\u0130PS GEL\u0130\u015eT\u0130R\u0130LM\u0130\u015e \u0130N\u015eAAT MALZEMELER\u0130 VE PERL\u0130TL\u0130 SIVA SANAY\u0130 A.\u015e.\u201d 1992 y\u0131l\u0131nda kurulmu\u015ftur.<\/p>\n","protected":false},"author":1,"featured_media":643,"parent":0,"menu_order":0,"comment_status":"closed","ping_status":"closed","template":"","meta":[],"_links":{"self":[{"href":"https:\/\/www.sertasdemir.com\/index.php?rest_route=\/wp\/v2\/pages\/515"}],"collection":[{"href":"https:\/\/www.sertasdemir.com\/index.php?rest_route=\/wp\/v2\/pages"}],"about":[{"href":"https:\/\/www.sertasdemir.com\/index.php?rest_route=\/wp\/v2\/types\/page"}],"author":[{"embeddable":true,"href":"https:\/\/www.sertasdemir.com\/index.php?rest_route=\/wp\/v2\/users\/1"}],"replies":[{"embeddable":true,"href":"https:\/\/www.sertasdemir.com\/index.php?rest_route=%2Fwp%2Fv2%2Fcomments&post=515"}],"version-history":[{"count":5,"href":"https:\/\/www.sertasdemir.com\/index.php?rest_route=\/wp\/v2\/pages\/515\/revisions"}],"predecessor-version":[{"id":644,"href":"https:\/\/www.sertasdemir.com\/index.php?rest_route=\/wp\/v2\/pages\/515\/revisions\/644"}],"wp:featuredmedia":[{"embeddable":true,"href":"https:\/\/www.sertasdemir.com\/index.php?rest_route=\/wp\/v2\/media\/643"}],"wp:attachment":[{"href":"https:\/\/www.sertasdemir.com\/index.php?rest_route=%2Fwp%2Fv2%2Fmedia&parent=515"}],"curies":[{"name":"wp","href":"https:\/\/api.w.org\/{rel}","templated":true}]}}