{"id":518,"date":"2017-10-30T10:45:54","date_gmt":"2017-10-30T10:45:54","guid":{"rendered":"http:\/\/www.sertasdemir.com\/?page_id=518"},"modified":"2017-10-30T11:18:00","modified_gmt":"2017-10-30T11:18:00","slug":"aytas-alcipan","status":"publish","type":"page","link":"https:\/\/www.sertasdemir.com\/?page_id=518","title":{"rendered":"AYTA\u015e AL\u00c7IPAN"},"content":{"rendered":"<p>Ayta\u015f Al\u00e7\u0131 A.\u015e. 2007 y\u0131l\u0131nda Avrupa\u2019n\u0131n en kaliteli al\u00e7\u0131 ta\u015f\u0131 yataklar\u0131n\u0131n bulundu\u011fu Ankara Bala\u2019da kurulmu\u015ftur. Aygips ve Aypan olmak \u00fczere iki \u00fcretim tesisi Devam\u0131 i\u00e7in<!--more--><br \/>\n22.000 metrekare kapal\u0131 alanda toplamda 100.000 metrekarelik a\u00e7\u0131k alanda konumland\u0131r\u0131lm\u0131\u015ft\u0131r. Aygips toz al\u00e7\u0131 \u00fcretim tesisi 2008 \u015eubat ay\u0131nda faaliyete ge\u00e7mi\u015ftir. Aygips tesisi g\u00fcnl\u00fck 2200 ton toz al\u00e7\u0131 kapasitesine sahiptir.<\/p>\n","protected":false},"excerpt":{"rendered":"<p>Ayta\u015f Al\u00e7\u0131 A.\u015e. 2007 y\u0131l\u0131nda Avrupa\u2019n\u0131n en kaliteli al\u00e7\u0131 ta\u015f\u0131 yataklar\u0131n\u0131n bulundu\u011fu Ankara Bala\u2019da kurulmu\u015ftur. Aygips ve Aypan olmak \u00fczere iki \u00fcretim tesisi Devam\u0131 i\u00e7in<\/p>\n","protected":false},"author":1,"featured_media":540,"parent":0,"menu_order":0,"comment_status":"closed","ping_status":"closed","template":"","meta":[],"_links":{"self":[{"href":"https:\/\/www.sertasdemir.com\/index.php?rest_route=\/wp\/v2\/pages\/518"}],"collection":[{"href":"https:\/\/www.sertasdemir.com\/index.php?rest_route=\/wp\/v2\/pages"}],"about":[{"href":"https:\/\/www.sertasdemir.com\/index.php?rest_route=\/wp\/v2\/types\/page"}],"author":[{"embeddable":true,"href":"https:\/\/www.sertasdemir.com\/index.php?rest_route=\/wp\/v2\/users\/1"}],"replies":[{"embeddable":true,"href":"https:\/\/www.sertasdemir.com\/index.php?rest_route=%2Fwp%2Fv2%2Fcomments&post=518"}],"version-history":[{"count":4,"href":"https:\/\/www.sertasdemir.com\/index.php?rest_route=\/wp\/v2\/pages\/518\/revisions"}],"predecessor-version":[{"id":528,"href":"https:\/\/www.sertasdemir.com\/index.php?rest_route=\/wp\/v2\/pages\/518\/revisions\/528"}],"wp:featuredmedia":[{"embeddable":true,"href":"https:\/\/www.sertasdemir.com\/index.php?rest_route=\/wp\/v2\/media\/540"}],"wp:attachment":[{"href":"https:\/\/www.sertasdemir.com\/index.php?rest_route=%2Fwp%2Fv2%2Fmedia&parent=518"}],"curies":[{"name":"wp","href":"https:\/\/api.w.org\/{rel}","templated":true}]}}