{"id":521,"date":"2017-10-30T10:48:58","date_gmt":"2017-10-30T10:48:58","guid":{"rendered":"http:\/\/www.sertasdemir.com\/?page_id=521"},"modified":"2017-10-30T10:48:58","modified_gmt":"2017-10-30T10:48:58","slug":"fixa","status":"publish","type":"page","link":"https:\/\/www.sertasdemir.com\/?page_id=521","title":{"rendered":"F\u0130XA"},"content":{"rendered":"<p> F\u0130XA YAPI K\u0130MYASALLARI, ileri teknoloji binalar\u0131n yaln\u0131zca y\u00fcksek teknoloji \u00fcr\u00fcn\u00fc kimyasallarla sa\u011flanabilece\u011fi anlay\u0131\u015f\u0131ndan yola \u00e7\u0131karak 2001 y\u0131l\u0131nda \u0130stanbul\u2019da kuruldu. Devam\u0131 i\u00e7in<!--more--><\/p>\n<p>Ara\u015ft\u0131rma ve geli\u015ftirmeye verdi\u011fi \u00f6nemle k\u0131sa s\u00fcrede sekt\u00f6r\u00fcn\u00fcn aranan markalar\u0131 aras\u0131na giren F\u0130XA YAPI K\u0130MYASALLARI, bug\u00fcn \u0130stanbul\u2019daki fabrikas\u0131na ek olarak, 2009\u2019da Adana ve 2011\u2019de Ankara\u2019da kurdu\u011fu tesislerinde y\u0131lda 350.000 ton toz ve 5.000 ton s\u0131v\u0131 \u00fcretimi kapasitesine sahiptir.<\/p>\n","protected":false},"excerpt":{"rendered":"<p>F\u0130XA YAPI K\u0130MYASALLARI, ileri teknoloji binalar\u0131n yaln\u0131zca y\u00fcksek teknoloji \u00fcr\u00fcn\u00fc kimyasallarla sa\u011flanabilece\u011fi anlay\u0131\u015f\u0131ndan yola \u00e7\u0131karak 2001 y\u0131l\u0131nda \u0130stanbul\u2019da kuruldu. Devam\u0131 i\u00e7in<\/p>\n","protected":false},"author":1,"featured_media":522,"parent":0,"menu_order":0,"comment_status":"closed","ping_status":"closed","template":"","meta":[],"_links":{"self":[{"href":"https:\/\/www.sertasdemir.com\/index.php?rest_route=\/wp\/v2\/pages\/521"}],"collection":[{"href":"https:\/\/www.sertasdemir.com\/index.php?rest_route=\/wp\/v2\/pages"}],"about":[{"href":"https:\/\/www.sertasdemir.com\/index.php?rest_route=\/wp\/v2\/types\/page"}],"author":[{"embeddable":true,"href":"https:\/\/www.sertasdemir.com\/index.php?rest_route=\/wp\/v2\/users\/1"}],"replies":[{"embeddable":true,"href":"https:\/\/www.sertasdemir.com\/index.php?rest_route=%2Fwp%2Fv2%2Fcomments&post=521"}],"version-history":[{"count":1,"href":"https:\/\/www.sertasdemir.com\/index.php?rest_route=\/wp\/v2\/pages\/521\/revisions"}],"predecessor-version":[{"id":523,"href":"https:\/\/www.sertasdemir.com\/index.php?rest_route=\/wp\/v2\/pages\/521\/revisions\/523"}],"wp:featuredmedia":[{"embeddable":true,"href":"https:\/\/www.sertasdemir.com\/index.php?rest_route=\/wp\/v2\/media\/522"}],"wp:attachment":[{"href":"https:\/\/www.sertasdemir.com\/index.php?rest_route=%2Fwp%2Fv2%2Fmedia&parent=521"}],"curies":[{"name":"wp","href":"https:\/\/api.w.org\/{rel}","templated":true}]}}